{"id":40,"date":"2025-10-10T19:06:16","date_gmt":"2025-10-10T17:06:16","guid":{"rendered":"http:\/\/desarrollosvertical.com\/?page_id=40"},"modified":"2026-01-16T18:36:37","modified_gmt":"2026-01-16T16:36:37","slug":"v184","status":"publish","type":"page","link":"https:\/\/desarrollosvertical.com\/index.php\/v184\/","title":{"rendered":"V184"},"content":{"rendered":"\t\t<div data-elementor-type=\"wp-page\" data-elementor-id=\"40\" class=\"elementor elementor-40\" data-elementor-post-type=\"page\">\n\t\t\t\t<div class=\"elementor-element elementor-element-221e7a14 e-flex e-con-boxed e-con e-parent\" data-id=\"221e7a14\" data-element_type=\"container\" data-settings=\"{&quot;background_background&quot;:&quot;slideshow&quot;,&quot;background_motion_fx_translateY_effect&quot;:&quot;yes&quot;,&quot;background_motion_fx_translateY_speed&quot;:{&quot;unit&quot;:&quot;px&quot;,&quot;size&quot;:3.1,&quot;sizes&quot;:[]},&quot;background_slideshow_gallery&quot;:[{&quot;id&quot;:1516,&quot;url&quot;:&quot;https:\\\/\\\/desarrollosvertical.com\\\/wp-content\\\/uploads\\\/2025\\\/12\\\/f1.jpg&quot;},{&quot;id&quot;:1326,&quot;url&quot;:&quot;https:\\\/\\\/desarrollosvertical.com\\\/wp-content\\\/uploads\\\/2025\\\/12\\\/6-2.jpg&quot;},{&quot;id&quot;:1677,&quot;url&quot;:&quot;https:\\\/\\\/desarrollosvertical.com\\\/wp-content\\\/uploads\\\/2025\\\/12\\\/BANNER-184-1.jpg&quot;},{&quot;id&quot;:1709,&quot;url&quot;:&quot;https:\\\/\\\/desarrollosvertical.com\\\/wp-content\\\/uploads\\\/2025\\\/12\\\/184-banner.jpg&quot;}],&quot;background_slideshow_transition_duration&quot;:400,&quot;background_slideshow_ken_burns&quot;:&quot;yes&quot;,&quot;background_slideshow_loop&quot;:&quot;yes&quot;,&quot;background_slideshow_slide_duration&quot;:5000,&quot;background_slideshow_slide_transition&quot;:&quot;fade&quot;,&quot;background_slideshow_ken_burns_zoom_direction&quot;:&quot;in&quot;,&quot;background_motion_fx_translateY_affectedRange&quot;:{&quot;unit&quot;:&quot;%&quot;,&quot;size&quot;:&quot;&quot;,&quot;sizes&quot;:{&quot;start&quot;:0,&quot;end&quot;:100}},&quot;background_motion_fx_devices&quot;:[&quot;desktop&quot;,&quot;tablet&quot;,&quot;mobile&quot;]}\">\n\t\t\t\t\t<div class=\"e-con-inner\">\n\t\t\t\t<div class=\"elementor-element elementor-element-e3de04b elementor-widget__width-initial elementor-widget elementor-widget-heading\" data-id=\"e3de04b\" data-element_type=\"widget\" data-widget_type=\"heading.default\">\n\t\t\t\t\t<h1 class=\"elementor-heading-title elementor-size-default\">El punto de convergencia del arte y la arquitectura<\/h1>\t\t\t\t<\/div>\n\t\t\t\t\t<\/div>\n\t\t\t\t<\/div>\n\t\t<div class=\"elementor-element elementor-element-5c40bfc3 elementor-hidden-tablet elementor-hidden-mobile e-flex e-con-boxed e-con e-parent\" data-id=\"5c40bfc3\" data-element_type=\"container\" data-settings=\"{&quot;background_background&quot;:&quot;classic&quot;}\">\n\t\t\t\t\t<div class=\"e-con-inner\">\n\t\t<div class=\"elementor-element elementor-element-4a5194ea e-con-full e-flex e-con e-child\" data-id=\"4a5194ea\" data-element_type=\"container\">\n\t\t\t\t<div class=\"elementor-element elementor-element-25d93878 elementor-widget__width-initial elementor-widget elementor-widget-image\" data-id=\"25d93878\" data-element_type=\"widget\" data-widget_type=\"image.default\">\n\t\t\t\t\t\t\t\t\t\t\t\t\t\t\t<img fetchpriority=\"high\" decoding=\"async\" width=\"600\" height=\"212\" src=\"https:\/\/desarrollosvertical.com\/wp-content\/uploads\/2025\/10\/Vertical-Edif2.png\" class=\"attachment-large size-large wp-image-669\" alt=\"\" srcset=\"https:\/\/desarrollosvertical.com\/wp-content\/uploads\/2025\/10\/Vertical-Edif2.png 600w, https:\/\/desarrollosvertical.com\/wp-content\/uploads\/2025\/10\/Vertical-Edif2-300x106.png 300w\" sizes=\"(max-width: 600px) 100vw, 600px\" \/>\t\t\t\t\t\t\t\t\t\t\t\t\t\t\t<\/div>\n\t\t\t\t<div class=\"elementor-element elementor-element-1a8d6408 elementor-widget__width-initial elementor-widget elementor-widget-text-editor\" data-id=\"1a8d6408\" data-element_type=\"widget\" data-widget_type=\"text-editor.default\">\n\t\t\t\t\t\t\t\t\t<p><strong>Vertical 184<\/strong> materializa un concepto donde la arquitectura y el arte se fusionan. Este complejo exclusivo ha sido dise\u00f1ado no solo para la funcionalidad corporativa, sino como una pieza de dise\u00f1o urbano en s\u00ed misma. La cuidadosa curadur\u00eda e integraci\u00f3n de arte en su fachada y \u00e1reas sociales lo distingue como un hito en Las Mercedes, ofreciendo un ambiente de estatus inigualable para las empresas que buscan proyectar una imagen de distinci\u00f3n.<\/p>\t\t\t\t\t\t\t\t<\/div>\n\t\t\t\t<div class=\"elementor-element elementor-element-8d7338d elementor-widget__width-initial elementor-widget elementor-widget-text-editor\" data-id=\"8d7338d\" data-element_type=\"widget\" data-widget_type=\"text-editor.default\">\n\t\t\t\t\t\t\t\t\t<p><strong>Uso:<\/strong> Comercio y Oficinas <br \/><strong>Ubicaci\u00f3n:<\/strong> Calle Madrid, Urb. las Mercedes, Caracas.<\/p><p>14 Oficinas desde 188m2 hasta 200m2 . <br \/>4 Locales Comerciales desde 195m2 hasta 230m2 <br \/>1 Local de Estacionamiento<\/p><h6>8.300m2 de construcci\u00f3n <br \/>3.600m2 vendibles <br \/>Construcci\u00f3n del 2016 al 2023<\/h6>\t\t\t\t\t\t\t\t<\/div>\n\t\t\t\t<\/div>\n\t\t\t\t\t<\/div>\n\t\t\t\t<\/div>\n\t\t<div class=\"elementor-element elementor-element-487551c elementor-hidden-desktop e-flex e-con-boxed e-con e-parent\" data-id=\"487551c\" data-element_type=\"container\" data-settings=\"{&quot;background_background&quot;:&quot;classic&quot;}\">\n\t\t\t\t\t<div class=\"e-con-inner\">\n\t\t<div class=\"elementor-element elementor-element-177e787 e-con-full e-flex e-con e-child\" data-id=\"177e787\" data-element_type=\"container\">\n\t\t\t\t<div class=\"elementor-element elementor-element-e4c8517 elementor-widget__width-initial elementor-widget elementor-widget-image\" data-id=\"e4c8517\" data-element_type=\"widget\" data-widget_type=\"image.default\">\n\t\t\t\t\t\t\t\t\t\t\t\t\t\t\t<img fetchpriority=\"high\" decoding=\"async\" width=\"600\" height=\"212\" src=\"https:\/\/desarrollosvertical.com\/wp-content\/uploads\/2025\/10\/Vertical-Edif2.png\" class=\"attachment-large size-large wp-image-669\" alt=\"\" srcset=\"https:\/\/desarrollosvertical.com\/wp-content\/uploads\/2025\/10\/Vertical-Edif2.png 600w, https:\/\/desarrollosvertical.com\/wp-content\/uploads\/2025\/10\/Vertical-Edif2-300x106.png 300w\" sizes=\"(max-width: 600px) 100vw, 600px\" \/>\t\t\t\t\t\t\t\t\t\t\t\t\t\t\t<\/div>\n\t\t\t\t<div class=\"elementor-element elementor-element-69bfbf3 elementor-widget__width-initial elementor-widget elementor-widget-text-editor\" data-id=\"69bfbf3\" data-element_type=\"widget\" data-widget_type=\"text-editor.default\">\n\t\t\t\t\t\t\t\t\t<p><strong>Vertical 184,<\/strong>\u00a0materializa un concepto donde la arquitectura y el arte se fusionan. Este complejo exclusivo ha sido dise\u00f1ado no solo para la funcionalidad corporativa, sino como una pieza de dise\u00f1o urbano en s\u00ed misma. La cuidadosa curadur\u00eda e integraci\u00f3n de arte en su fachada y \u00e1reas sociales lo distingue como un hito en Las Mercedes, ofreciendo un ambiente de estatus inigualable para las empresas que buscan proyectar una imagen de distinci\u00f3n.<\/p>\t\t\t\t\t\t\t\t<\/div>\n\t\t\t\t<div class=\"elementor-element elementor-element-bba2d5a elementor-widget__width-initial elementor-widget elementor-widget-text-editor\" data-id=\"bba2d5a\" data-element_type=\"widget\" data-widget_type=\"text-editor.default\">\n\t\t\t\t\t\t\t\t\t<p><strong>Uso:<\/strong> Comercio y Oficinas <br \/><strong>Ubicaci\u00f3n:<\/strong> Calle Madrid, Urb. las Mercedes, Caracas.<\/p><p>14 Oficinas desde 188m2 hasta 200m2 . <br \/>4 Locales Comerciales desde 195m2 hasta 230m2 <br \/>1 Local de Estacionamiento<\/p><h6>8.300m2 de construcci\u00f3n <br \/>3.600m2 vendibles <br \/>Construcci\u00f3n del 2016 al 2023<\/h6>\t\t\t\t\t\t\t\t<\/div>\n\t\t\t\t<\/div>\n\t\t\t\t\t<\/div>\n\t\t\t\t<\/div>\n\t\t<div class=\"elementor-element elementor-element-1f415ecb e-flex e-con-boxed e-con e-parent\" data-id=\"1f415ecb\" data-element_type=\"container\" data-settings=\"{&quot;background_background&quot;:&quot;classic&quot;}\">\n\t\t\t\t\t<div class=\"e-con-inner\">\n\t\t<div class=\"elementor-element elementor-element-2876a18e e-con-full e-flex e-con e-child\" data-id=\"2876a18e\" data-element_type=\"container\" data-settings=\"{&quot;background_background&quot;:&quot;classic&quot;}\">\n\t\t\t\t<\/div>\n\t\t<div class=\"elementor-element elementor-element-0434086 e-con-full e-flex e-con e-child\" data-id=\"0434086\" data-element_type=\"container\">\n\t\t\t\t<div class=\"elementor-element elementor-element-1e98eaa elementor-widget__width-initial elementor-widget elementor-widget-heading\" data-id=\"1e98eaa\" data-element_type=\"widget\" data-widget_type=\"heading.default\">\n\t\t\t\t\t<h1 class=\"elementor-heading-title elementor-size-default\">Redefiniendo la arquitectura a trav\u00e9s de la elegancia<\/h1>\t\t\t\t<\/div>\n\t\t\t\t<\/div>\n\t\t\t\t\t<\/div>\n\t\t\t\t<\/div>\n\t\t<div class=\"elementor-element elementor-element-1713fe22 e-flex e-con-boxed e-con e-parent\" data-id=\"1713fe22\" data-element_type=\"container\" data-settings=\"{&quot;background_background&quot;:&quot;classic&quot;}\">\n\t\t\t\t\t<div class=\"e-con-inner\">\n\t\t\t\t\t<\/div>\n\t\t\t\t<\/div>\n\t\t<div class=\"elementor-element elementor-element-1cb7baad e-flex e-con-boxed e-con e-parent\" data-id=\"1cb7baad\" data-element_type=\"container\" data-settings=\"{&quot;background_background&quot;:&quot;classic&quot;}\">\n\t\t\t\t\t<div class=\"e-con-inner\">\n\t\t<div class=\"elementor-element elementor-element-2f95b645 e-con-full e-flex e-con e-child\" data-id=\"2f95b645\" data-element_type=\"container\">\n\t\t\t\t<div class=\"elementor-element elementor-element-9a73d0f elementor-widget__width-initial elementor-arrows-position-inside elementor-widget elementor-widget-image-carousel\" data-id=\"9a73d0f\" data-element_type=\"widget\" data-settings=\"{&quot;slides_to_show&quot;:&quot;1&quot;,&quot;navigation&quot;:&quot;arrows&quot;,&quot;lazyload&quot;:&quot;yes&quot;,&quot;autoplay&quot;:&quot;yes&quot;,&quot;pause_on_hover&quot;:&quot;yes&quot;,&quot;pause_on_interaction&quot;:&quot;yes&quot;,&quot;autoplay_speed&quot;:5000,&quot;infinite&quot;:&quot;yes&quot;,&quot;effect&quot;:&quot;slide&quot;,&quot;speed&quot;:500}\" data-widget_type=\"image-carousel.default\">\n\t\t\t\t\t\t\t<div class=\"elementor-image-carousel-wrapper swiper\" role=\"region\" aria-roledescription=\"carousel\" aria-label=\"Carrusel de im\u00e1genes\" dir=\"ltr\">\n\t\t\t<div class=\"elementor-image-carousel swiper-wrapper\" aria-live=\"off\">\n\t\t\t\t\t\t\t\t<div class=\"swiper-slide\" role=\"group\" aria-roledescription=\"slide\" aria-label=\"1 de 7\"><figure class=\"swiper-slide-inner\"><img class=\"swiper-slide-image swiper-lazy\" data-src=\"https:\/\/desarrollosvertical.com\/wp-content\/uploads\/elementor\/thumbs\/1-4-rgaw3kq4qo1m0e04b0rsd0wjttl9b8drqq9qa3333k.jpg\" alt=\"1\" \/><div class=\"swiper-lazy-preloader\"><\/div><\/figure><\/div><div class=\"swiper-slide\" role=\"group\" aria-roledescription=\"slide\" aria-label=\"2 de 7\"><figure class=\"swiper-slide-inner\"><img class=\"swiper-slide-image swiper-lazy\" data-src=\"https:\/\/desarrollosvertical.com\/wp-content\/uploads\/elementor\/thumbs\/184-carrusel-rgjoq68ac3v5b4wki4lp4mmwejcs6w0uwjqr3a9sa8.jpg\" alt=\"184-carrusel\" \/><div class=\"swiper-lazy-preloader\"><\/div><\/figure><\/div><div class=\"swiper-slide\" role=\"group\" aria-roledescription=\"slide\" aria-label=\"3 de 7\"><figure class=\"swiper-slide-inner\"><img class=\"swiper-slide-image swiper-lazy\" data-src=\"https:\/\/desarrollosvertical.com\/wp-content\/uploads\/elementor\/thumbs\/184carrusel2-rgjopwtwfria31a810jffp0agon41wzjj97wainq0g.jpg\" alt=\"184carrusel2\" \/><div class=\"swiper-lazy-preloader\"><\/div><\/figure><\/div><div class=\"swiper-slide\" role=\"group\" aria-roledescription=\"slide\" aria-label=\"4 de 7\"><figure class=\"swiper-slide-inner\"><img class=\"swiper-slide-image swiper-lazy\" data-src=\"https:\/\/desarrollosvertical.com\/wp-content\/uploads\/elementor\/thumbs\/184carrusel3-rgjotijmmwful81szklxzs9wfuvrk5ai138wipbe5s.jpg\" alt=\"184carrusel3\" \/><div class=\"swiper-lazy-preloader\"><\/div><\/figure><\/div><div class=\"swiper-slide\" role=\"group\" aria-roledescription=\"slide\" aria-label=\"5 de 7\"><figure class=\"swiper-slide-inner\"><img class=\"swiper-slide-image swiper-lazy\" data-src=\"https:\/\/desarrollosvertical.com\/wp-content\/uploads\/elementor\/thumbs\/carrusel4-rg78m3547o97p1nqjy0qyi5qy8coverey4xtoph568.jpg\" alt=\"\" \/><div class=\"swiper-lazy-preloader\"><\/div><\/figure><\/div><div class=\"swiper-slide\" role=\"group\" aria-roledescription=\"slide\" aria-label=\"6 de 7\"><figure class=\"swiper-slide-inner\"><img class=\"swiper-slide-image swiper-lazy\" data-src=\"https:\/\/desarrollosvertical.com\/wp-content\/uploads\/elementor\/thumbs\/1-2-rg8wu3vzl442akhku30r0etw6egcqznj0ud8eexhm8.jpg\" alt=\"1\" \/><div class=\"swiper-lazy-preloader\"><\/div><\/figure><\/div><div class=\"swiper-slide\" role=\"group\" aria-roledescription=\"slide\" aria-label=\"7 de 7\"><figure class=\"swiper-slide-inner\"><img class=\"swiper-slide-image swiper-lazy\" data-src=\"https:\/\/desarrollosvertical.com\/wp-content\/uploads\/elementor\/thumbs\/3-rg8wu20b7g1hnckb527hvfayzmpmblg2cl29fv09yo.jpg\" alt=\"3\" \/><div class=\"swiper-lazy-preloader\"><\/div><\/figure><\/div>\t\t\t<\/div>\n\t\t\t\t\t\t\t\t\t\t\t\t<div class=\"elementor-swiper-button elementor-swiper-button-prev\" role=\"button\" tabindex=\"0\">\n\t\t\t\t\t\t<svg aria-hidden=\"true\" class=\"e-font-icon-svg e-eicon-chevron-left\" viewBox=\"0 0 1000 1000\" xmlns=\"http:\/\/www.w3.org\/2000\/svg\"><path d=\"M646 125C629 125 613 133 604 142L308 442C296 454 292 471 292 487 292 504 296 521 308 533L604 854C617 867 629 875 646 875 663 875 679 871 692 858 704 846 713 829 713 812 713 796 708 779 692 767L438 487 692 225C700 217 708 204 708 187 708 171 704 154 692 142 675 129 663 125 646 125Z\"><\/path><\/svg>\t\t\t\t\t<\/div>\n\t\t\t\t\t<div class=\"elementor-swiper-button elementor-swiper-button-next\" role=\"button\" tabindex=\"0\">\n\t\t\t\t\t\t<svg aria-hidden=\"true\" class=\"e-font-icon-svg e-eicon-chevron-right\" viewBox=\"0 0 1000 1000\" xmlns=\"http:\/\/www.w3.org\/2000\/svg\"><path d=\"M696 533C708 521 713 504 713 487 713 471 708 454 696 446L400 146C388 133 375 125 354 125 338 125 325 129 313 142 300 154 292 171 292 187 292 204 296 221 308 233L563 492 304 771C292 783 288 800 288 817 288 833 296 850 308 863 321 871 338 875 354 875 371 875 388 867 400 854L696 533Z\"><\/path><\/svg>\t\t\t\t\t<\/div>\n\t\t\t\t\n\t\t\t\t\t\t\t\t\t<\/div>\n\t\t\t\t\t\t<\/div>\n\t\t\t\t<\/div>\n\t\t<div class=\"elementor-element elementor-element-6532641a e-con-full e-flex e-con e-child\" data-id=\"6532641a\" data-element_type=\"container\">\n\t\t\t\t<div class=\"elementor-element elementor-element-ea3e346 elementor-widget__width-initial elementor-widget elementor-widget-heading\" data-id=\"ea3e346\" data-element_type=\"widget\" data-widget_type=\"heading.default\">\n\t\t\t\t\t<h1 class=\"elementor-heading-title elementor-size-default\">Dise\u00f1o y materiales nobles<\/h1>\t\t\t\t<\/div>\n\t\t\t\t<div class=\"elementor-element elementor-element-41f9e0ed elementor-widget elementor-widget-text-editor\" data-id=\"41f9e0ed\" data-element_type=\"widget\" data-widget_type=\"text-editor.default\">\n\t\t\t\t\t\t\t\t\t<p>Dise\u00f1ado para imponer presencia, el edificio integra materiales nobles y acabados de primera en toda su estructura. La experiencia inicia en el \u00e1rea comercial de planta baja y se eleva hacia los niveles corporativos, manteniendo una est\u00e9tica impecable que dialoga con las vistas y el estatus de la zona.<\/p>\t\t\t\t\t\t\t\t<\/div>\n\t\t\t\t<\/div>\n\t\t\t\t\t<\/div>\n\t\t\t\t<\/div>\n\t\t<div class=\"elementor-element elementor-element-7692068b e-flex e-con-boxed e-con e-parent\" data-id=\"7692068b\" data-element_type=\"container\" data-settings=\"{&quot;background_background&quot;:&quot;classic&quot;}\">\n\t\t\t\t\t<div class=\"e-con-inner\">\n\t\t\t\t<div class=\"elementor-element elementor-element-35f12ee3 elementor-widget__width-initial elementor-widget elementor-widget-heading\" data-id=\"35f12ee3\" data-element_type=\"widget\" data-widget_type=\"heading.default\">\n\t\t\t\t\t<h1 class=\"elementor-heading-title elementor-size-default\">Excelente ubicaci\u00f3n<\/h1>\t\t\t\t<\/div>\n\t\t\t\t<div class=\"elementor-element elementor-element-6a0d12ab elementor-widget__width-initial elementor-widget elementor-widget-text-editor\" data-id=\"6a0d12ab\" data-element_type=\"widget\" data-widget_type=\"text-editor.default\">\n\t\t\t\t\t\t\t\t\t<p>Est\u00e1 ubicado en la Calle Madrid en Las Mercedes<\/p>\t\t\t\t\t\t\t\t<\/div>\n\t\t\t\t<div class=\"elementor-element elementor-element-42dbb29 elementor-widget__width-initial elementor-widget elementor-widget-google_maps\" data-id=\"42dbb29\" data-element_type=\"widget\" data-widget_type=\"google_maps.default\">\n\t\t\t\t\t\t\t<div class=\"elementor-custom-embed\">\n\t\t\t<iframe loading=\"lazy\"\n\t\t\t\t\tsrc=\"https:\/\/maps.google.com\/maps?q=calle%20madrid%20caracas%201080%20miranda%20las%20mercedes&#038;t=m&#038;z=10&#038;output=embed&#038;iwloc=near\"\n\t\t\t\t\ttitle=\"calle madrid caracas 1080 miranda las mercedes\"\n\t\t\t\t\taria-label=\"calle madrid caracas 1080 miranda las mercedes\"\n\t\t\t><\/iframe>\n\t\t<\/div>\n\t\t\t\t\t\t<\/div>\n\t\t\t\t\t<\/div>\n\t\t\t\t<\/div>\n\t\t<div class=\"elementor-element elementor-element-1b80096b e-flex e-con-boxed e-con e-parent\" data-id=\"1b80096b\" data-element_type=\"container\" data-settings=\"{&quot;background_background&quot;:&quot;slideshow&quot;,&quot;background_motion_fx_translateY_effect&quot;:&quot;yes&quot;,&quot;background_motion_fx_translateY_speed&quot;:{&quot;unit&quot;:&quot;px&quot;,&quot;size&quot;:3.1,&quot;sizes&quot;:[]},&quot;background_slideshow_gallery&quot;:[{&quot;id&quot;:1320,&quot;url&quot;:&quot;https:\\\/\\\/desarrollosvertical.com\\\/wp-content\\\/uploads\\\/2025\\\/12\\\/6-1.jpg&quot;},{&quot;id&quot;:1321,&quot;url&quot;:&quot;https:\\\/\\\/desarrollosvertical.com\\\/wp-content\\\/uploads\\\/2025\\\/12\\\/5-1.jpg&quot;},{&quot;id&quot;:1693,&quot;url&quot;:&quot;https:\\\/\\\/desarrollosvertical.com\\\/wp-content\\\/uploads\\\/2025\\\/12\\\/BANNER-184-2.jpg&quot;},{&quot;id&quot;:678,&quot;url&quot;:&quot;https:\\\/\\\/desarrollosvertical.com\\\/wp-content\\\/uploads\\\/2025\\\/10\\\/da1.jpg&quot;}],&quot;background_slideshow_transition_duration&quot;:400,&quot;background_slideshow_ken_burns&quot;:&quot;yes&quot;,&quot;background_slideshow_loop&quot;:&quot;yes&quot;,&quot;background_slideshow_slide_duration&quot;:5000,&quot;background_slideshow_slide_transition&quot;:&quot;fade&quot;,&quot;background_slideshow_ken_burns_zoom_direction&quot;:&quot;in&quot;,&quot;background_motion_fx_translateY_affectedRange&quot;:{&quot;unit&quot;:&quot;%&quot;,&quot;size&quot;:&quot;&quot;,&quot;sizes&quot;:{&quot;start&quot;:0,&quot;end&quot;:100}},&quot;background_motion_fx_devices&quot;:[&quot;desktop&quot;,&quot;tablet&quot;,&quot;mobile&quot;]}\">\n\t\t\t\t\t<div class=\"e-con-inner\">\n\t\t\t\t<div class=\"elementor-element elementor-element-44da09f elementor-widget__width-initial elementor-widget elementor-widget-image\" data-id=\"44da09f\" data-element_type=\"widget\" data-widget_type=\"image.default\">\n\t\t\t\t\t\t\t\t\t\t\t\t\t\t\t<img decoding=\"async\" width=\"600\" height=\"212\" src=\"https:\/\/desarrollosvertical.com\/wp-content\/uploads\/2025\/10\/Vertical-Edif-1.png\" class=\"attachment-large size-large wp-image-666\" alt=\"\" srcset=\"https:\/\/desarrollosvertical.com\/wp-content\/uploads\/2025\/10\/Vertical-Edif-1.png 600w, https:\/\/desarrollosvertical.com\/wp-content\/uploads\/2025\/10\/Vertical-Edif-1-300x106.png 300w\" sizes=\"(max-width: 600px) 100vw, 600px\" \/>\t\t\t\t\t\t\t\t\t\t\t\t\t\t\t<\/div>\n\t\t\t\t\t<\/div>\n\t\t\t\t<\/div>\n\t\t\t\t<\/div>\n\t\t","protected":false},"excerpt":{"rendered":"<p>El punto de convergencia del arte y la arquitectura Vertical 184 materializa un concepto donde la arquitectura y el arte se fusionan. Este complejo exclusivo ha sido dise\u00f1ado no solo para la funcionalidad corporativa, sino como una pieza de dise\u00f1o urbano en s\u00ed misma. La cuidadosa curadur\u00eda e integraci\u00f3n de arte en su fachada y [&hellip;]<\/p>\n","protected":false},"author":1,"featured_media":0,"parent":0,"menu_order":0,"comment_status":"closed","ping_status":"closed","template":"elementor_theme","meta":{"_eb_attr":"","footnotes":""},"class_list":["post-40","page","type-page","status-publish","hentry"],"_links":{"self":[{"href":"https:\/\/desarrollosvertical.com\/index.php\/wp-json\/wp\/v2\/pages\/40","targetHints":{"allow":["GET"]}}],"collection":[{"href":"https:\/\/desarrollosvertical.com\/index.php\/wp-json\/wp\/v2\/pages"}],"about":[{"href":"https:\/\/desarrollosvertical.com\/index.php\/wp-json\/wp\/v2\/types\/page"}],"author":[{"embeddable":true,"href":"https:\/\/desarrollosvertical.com\/index.php\/wp-json\/wp\/v2\/users\/1"}],"replies":[{"embeddable":true,"href":"https:\/\/desarrollosvertical.com\/index.php\/wp-json\/wp\/v2\/comments?post=40"}],"version-history":[{"count":125,"href":"https:\/\/desarrollosvertical.com\/index.php\/wp-json\/wp\/v2\/pages\/40\/revisions"}],"predecessor-version":[{"id":1999,"href":"https:\/\/desarrollosvertical.com\/index.php\/wp-json\/wp\/v2\/pages\/40\/revisions\/1999"}],"wp:attachment":[{"href":"https:\/\/desarrollosvertical.com\/index.php\/wp-json\/wp\/v2\/media?parent=40"}],"curies":[{"name":"wp","href":"https:\/\/api.w.org\/{rel}","templated":true}]}}