{"id":38,"date":"2025-10-10T19:05:56","date_gmt":"2025-10-10T17:05:56","guid":{"rendered":"http:\/\/desarrollosvertical.com\/?page_id=38"},"modified":"2026-01-16T18:36:12","modified_gmt":"2026-01-16T16:36:12","slug":"v152","status":"publish","type":"page","link":"https:\/\/desarrollosvertical.com\/index.php\/v152\/","title":{"rendered":"V152"},"content":{"rendered":"\t\t<div data-elementor-type=\"wp-page\" data-elementor-id=\"38\" class=\"elementor elementor-38\" data-elementor-post-type=\"page\">\n\t\t\t\t<div class=\"elementor-element elementor-element-5b034f79 e-flex e-con-boxed e-con e-parent\" data-id=\"5b034f79\" data-element_type=\"container\" data-settings=\"{&quot;background_background&quot;:&quot;slideshow&quot;,&quot;background_motion_fx_translateY_effect&quot;:&quot;yes&quot;,&quot;background_motion_fx_translateY_speed&quot;:{&quot;unit&quot;:&quot;px&quot;,&quot;size&quot;:3.1,&quot;sizes&quot;:[]},&quot;background_slideshow_gallery&quot;:[{&quot;id&quot;:1529,&quot;url&quot;:&quot;https:\\\/\\\/desarrollosvertical.com\\\/wp-content\\\/uploads\\\/2025\\\/12\\\/f1-1.jpg&quot;},{&quot;id&quot;:1296,&quot;url&quot;:&quot;https:\\\/\\\/desarrollosvertical.com\\\/wp-content\\\/uploads\\\/2025\\\/12\\\/4.jpg&quot;},{&quot;id&quot;:1530,&quot;url&quot;:&quot;https:\\\/\\\/desarrollosvertical.com\\\/wp-content\\\/uploads\\\/2025\\\/12\\\/f6.jpg&quot;},{&quot;id&quot;:1592,&quot;url&quot;:&quot;https:\\\/\\\/desarrollosvertical.com\\\/wp-content\\\/uploads\\\/2025\\\/12\\\/BANNER-152-1.jpg&quot;},{&quot;id&quot;:1528,&quot;url&quot;:&quot;https:\\\/\\\/desarrollosvertical.com\\\/wp-content\\\/uploads\\\/2025\\\/12\\\/f2-1.jpg&quot;},{&quot;id&quot;:1298,&quot;url&quot;:&quot;https:\\\/\\\/desarrollosvertical.com\\\/wp-content\\\/uploads\\\/2025\\\/12\\\/1-1.jpg&quot;},{&quot;id&quot;:1297,&quot;url&quot;:&quot;https:\\\/\\\/desarrollosvertical.com\\\/wp-content\\\/uploads\\\/2025\\\/12\\\/2-1.jpg&quot;},{&quot;id&quot;:1295,&quot;url&quot;:&quot;https:\\\/\\\/desarrollosvertical.com\\\/wp-content\\\/uploads\\\/2025\\\/12\\\/5.jpg&quot;},{&quot;id&quot;:1526,&quot;url&quot;:&quot;https:\\\/\\\/desarrollosvertical.com\\\/wp-content\\\/uploads\\\/2025\\\/12\\\/f4.jpg&quot;},{&quot;id&quot;:1531,&quot;url&quot;:&quot;https:\\\/\\\/desarrollosvertical.com\\\/wp-content\\\/uploads\\\/2025\\\/12\\\/f5.jpg&quot;}],&quot;background_slideshow_transition_duration&quot;:400,&quot;background_slideshow_ken_burns&quot;:&quot;yes&quot;,&quot;background_slideshow_loop&quot;:&quot;yes&quot;,&quot;background_slideshow_slide_duration&quot;:5000,&quot;background_slideshow_slide_transition&quot;:&quot;fade&quot;,&quot;background_slideshow_ken_burns_zoom_direction&quot;:&quot;in&quot;,&quot;background_motion_fx_translateY_affectedRange&quot;:{&quot;unit&quot;:&quot;%&quot;,&quot;size&quot;:&quot;&quot;,&quot;sizes&quot;:{&quot;start&quot;:0,&quot;end&quot;:100}},&quot;background_motion_fx_devices&quot;:[&quot;desktop&quot;,&quot;tablet&quot;,&quot;mobile&quot;]}\">\n\t\t\t\t\t<div class=\"e-con-inner\">\n\t\t\t\t<div class=\"elementor-element elementor-element-37e9db1f elementor-widget__width-initial elementor-widget elementor-widget-heading\" data-id=\"37e9db1f\" data-element_type=\"widget\" data-widget_type=\"heading.default\">\n\t\t\t\t\t<h1 class=\"elementor-heading-title elementor-size-default\">Arquitectura de vanguardia, funcionalidad y buen gusto<\/h1>\t\t\t\t<\/div>\n\t\t\t\t\t<\/div>\n\t\t\t\t<\/div>\n\t\t<div class=\"elementor-element elementor-element-785c5011 elementor-hidden-tablet elementor-hidden-mobile e-flex e-con-boxed e-con e-parent\" data-id=\"785c5011\" data-element_type=\"container\" data-settings=\"{&quot;background_background&quot;:&quot;classic&quot;}\">\n\t\t\t\t\t<div class=\"e-con-inner\">\n\t\t<div class=\"elementor-element elementor-element-278a74b e-con-full e-flex e-con e-child\" data-id=\"278a74b\" data-element_type=\"container\">\n\t\t\t\t<div class=\"elementor-element elementor-element-7c7f22a4 elementor-widget__width-initial elementor-widget elementor-widget-image\" data-id=\"7c7f22a4\" data-element_type=\"widget\" data-widget_type=\"image.default\">\n\t\t\t\t\t\t\t\t\t\t\t\t\t\t\t<img fetchpriority=\"high\" decoding=\"async\" width=\"600\" height=\"192\" src=\"https:\/\/desarrollosvertical.com\/wp-content\/uploads\/2025\/10\/Vertical-Edif.png\" class=\"attachment-large size-large wp-image-627\" alt=\"\" srcset=\"https:\/\/desarrollosvertical.com\/wp-content\/uploads\/2025\/10\/Vertical-Edif.png 600w, https:\/\/desarrollosvertical.com\/wp-content\/uploads\/2025\/10\/Vertical-Edif-300x96.png 300w\" sizes=\"(max-width: 600px) 100vw, 600px\" \/>\t\t\t\t\t\t\t\t\t\t\t\t\t\t\t<\/div>\n\t\t\t\t<div class=\"elementor-element elementor-element-482a4e01 elementor-widget__width-initial elementor-widget elementor-widget-text-editor\" data-id=\"482a4e01\" data-element_type=\"widget\" data-widget_type=\"text-editor.default\">\n\t\t\t\t\t\t\t\t\t<p>Vertical 152 es un s\u00edmbolo de exclusividad corporativa. Un edificio de lujo con acabados impecables y una ubicaci\u00f3n privilegiada, dise\u00f1ado para elevar el perfil de cualquier organizaci\u00f3n.<\/p>\t\t\t\t\t\t\t\t<\/div>\n\t\t\t\t<div class=\"elementor-element elementor-element-9c15fa4 elementor-widget__width-initial elementor-widget elementor-widget-text-editor\" data-id=\"9c15fa4\" data-element_type=\"widget\" data-widget_type=\"text-editor.default\">\n\t\t\t\t\t\t\t\t\t<p><strong>Uso:<\/strong> Comercio y Oficinas <br \/><strong>Ubicaci\u00f3n:<\/strong> Calle New York, Urb. las Mercedes, Caracas.<\/p><p>16 oficinas desde 175m2 hasta 290m2<br \/>3 Locales Comerciales desde 290m2 hasta 500m2 <br \/>1 Local de Estacionamiento<\/p><h6>10.730m2 de construcci\u00f3n <br \/>4.200m2 vendibles <br \/>Construcci\u00f3n del 2017 al 2025<\/h6>\t\t\t\t\t\t\t\t<\/div>\n\t\t\t\t<\/div>\n\t\t\t\t\t<\/div>\n\t\t\t\t<\/div>\n\t\t<div class=\"elementor-element elementor-element-da50189 elementor-hidden-desktop e-flex e-con-boxed e-con e-parent\" data-id=\"da50189\" data-element_type=\"container\" data-settings=\"{&quot;background_background&quot;:&quot;classic&quot;}\">\n\t\t\t\t\t<div class=\"e-con-inner\">\n\t\t<div class=\"elementor-element elementor-element-96d1070 e-con-full e-flex e-con e-child\" data-id=\"96d1070\" data-element_type=\"container\">\n\t\t\t\t<div class=\"elementor-element elementor-element-457c721 elementor-widget__width-initial elementor-widget elementor-widget-image\" data-id=\"457c721\" data-element_type=\"widget\" data-widget_type=\"image.default\">\n\t\t\t\t\t\t\t\t\t\t\t\t\t\t\t<img fetchpriority=\"high\" decoding=\"async\" width=\"600\" height=\"192\" src=\"https:\/\/desarrollosvertical.com\/wp-content\/uploads\/2025\/10\/Vertical-Edif.png\" class=\"attachment-large size-large wp-image-627\" alt=\"\" srcset=\"https:\/\/desarrollosvertical.com\/wp-content\/uploads\/2025\/10\/Vertical-Edif.png 600w, https:\/\/desarrollosvertical.com\/wp-content\/uploads\/2025\/10\/Vertical-Edif-300x96.png 300w\" sizes=\"(max-width: 600px) 100vw, 600px\" \/>\t\t\t\t\t\t\t\t\t\t\t\t\t\t\t<\/div>\n\t\t\t\t<div class=\"elementor-element elementor-element-0edd31b elementor-widget__width-initial elementor-widget elementor-widget-text-editor\" data-id=\"0edd31b\" data-element_type=\"widget\" data-widget_type=\"text-editor.default\">\n\t\t\t\t\t\t\t\t\t<p>Vertical 152 es un s\u00edmbolo de exclusividad corporativa. Un edificio de lujo con acabados impecables y una ubicaci\u00f3n privilegiada, dise\u00f1ado para elevar el perfil de cualquier organizaci\u00f3n.<\/p>\t\t\t\t\t\t\t\t<\/div>\n\t\t\t\t<div class=\"elementor-element elementor-element-cf8f715 elementor-widget__width-initial elementor-widget elementor-widget-text-editor\" data-id=\"cf8f715\" data-element_type=\"widget\" data-widget_type=\"text-editor.default\">\n\t\t\t\t\t\t\t\t\t<p><strong>Uso:<\/strong> Comercio y Oficinas <br \/><strong>Ubicaci\u00f3n:<\/strong> Calle New York, Urb. las Mercedes, Caracas.<\/p><p>16 oficinas desde 175m2 hasta 290m2<br \/>3 Locales Comerciales desde 290m2 hasta 500m2 <br \/>1 Local de Estacionamiento<\/p><h6>10.730m2 de construcci\u00f3n <br \/>4.200m2 vendibles <br \/>Construcci\u00f3n del 2017 al 2025<\/h6>\t\t\t\t\t\t\t\t<\/div>\n\t\t\t\t<\/div>\n\t\t\t\t\t<\/div>\n\t\t\t\t<\/div>\n\t\t<div class=\"elementor-element elementor-element-41e90521 e-flex e-con-boxed e-con e-parent\" data-id=\"41e90521\" data-element_type=\"container\" data-settings=\"{&quot;background_background&quot;:&quot;classic&quot;,&quot;background_motion_fx_motion_fx_scrolling&quot;:&quot;yes&quot;,&quot;background_motion_fx_devices&quot;:[&quot;desktop&quot;,&quot;tablet&quot;,&quot;mobile&quot;]}\">\n\t\t\t\t\t<div class=\"e-con-inner\">\n\t\t<div class=\"elementor-element elementor-element-97ccb9d e-con-full e-flex e-con e-child\" data-id=\"97ccb9d\" data-element_type=\"container\" data-settings=\"{&quot;background_background&quot;:&quot;classic&quot;}\">\n\t\t\t\t<div class=\"elementor-element elementor-element-184fd06 elementor-widget__width-initial elementor-widget elementor-widget-heading\" data-id=\"184fd06\" data-element_type=\"widget\" data-widget_type=\"heading.default\">\n\t\t\t\t\t<h1 class=\"elementor-heading-title elementor-size-default\">Acabados de lujo<\/h1>\t\t\t\t<\/div>\n\t\t\t\t<div class=\"elementor-element elementor-element-3e21215 elementor-widget__width-initial elementor-widget elementor-widget-text-editor\" data-id=\"3e21215\" data-element_type=\"widget\" data-widget_type=\"text-editor.default\">\n\t\t\t\t\t\t\t\t\t<p>Su car\u00e1cter se define por la fachada acristalada y el arte que la acompa\u00f1a. Adentro, el uso de revestimientos importados de gran formato asegura acabados de lujo y una est\u00e9tica impecable en todo el edificio.<\/p>\t\t\t\t\t\t\t\t<\/div>\n\t\t\t\t<\/div>\n\t\t<div class=\"elementor-element elementor-element-6a17d3bc e-con-full e-flex e-con e-child\" data-id=\"6a17d3bc\" data-element_type=\"container\" data-settings=\"{&quot;background_background&quot;:&quot;classic&quot;,&quot;background_motion_fx_motion_fx_scrolling&quot;:&quot;yes&quot;,&quot;background_motion_fx_translateY_effect&quot;:&quot;yes&quot;,&quot;background_motion_fx_translateY_speed&quot;:{&quot;unit&quot;:&quot;px&quot;,&quot;size&quot;:3.2,&quot;sizes&quot;:[]},&quot;background_motion_fx_translateY_affectedRange&quot;:{&quot;unit&quot;:&quot;%&quot;,&quot;size&quot;:&quot;&quot;,&quot;sizes&quot;:{&quot;start&quot;:0,&quot;end&quot;:100}},&quot;background_motion_fx_devices&quot;:[&quot;desktop&quot;,&quot;tablet&quot;,&quot;mobile&quot;]}\">\n\t\t\t\t<\/div>\n\t\t\t\t\t<\/div>\n\t\t\t\t<\/div>\n\t\t<div class=\"elementor-element elementor-element-26d632b8 e-flex e-con-boxed e-con e-parent\" data-id=\"26d632b8\" data-element_type=\"container\" data-settings=\"{&quot;background_background&quot;:&quot;classic&quot;}\">\n\t\t\t\t\t<div class=\"e-con-inner\">\n\t\t\t\t\t<\/div>\n\t\t\t\t<\/div>\n\t\t<div class=\"elementor-element elementor-element-f560ec3 e-flex e-con-boxed e-con e-parent\" data-id=\"f560ec3\" data-element_type=\"container\" data-settings=\"{&quot;background_background&quot;:&quot;classic&quot;}\">\n\t\t\t\t\t<div class=\"e-con-inner\">\n\t\t\t\t<div class=\"elementor-element elementor-element-db44e1b elementor-widget__width-initial elementor-widget elementor-widget-heading\" data-id=\"db44e1b\" data-element_type=\"widget\" data-widget_type=\"heading.default\">\n\t\t\t\t\t<h1 class=\"elementor-heading-title elementor-size-default\">El nuevo epicentro empresarial<\/h1>\t\t\t\t<\/div>\n\t\t\t\t<div class=\"elementor-element elementor-element-576b2e51 elementor-widget__width-initial elementor-widget elementor-widget-text-editor\" data-id=\"576b2e51\" data-element_type=\"widget\" data-widget_type=\"text-editor.default\">\n\t\t\t\t\t\t\t\t\t<p>Proyectada como el principal centro financiero de Caracas, Las Mercedes combina modernidad y exclusividad. Aqu\u00ed, las torres corporativas se mezclan con la mejor oferta gastron\u00f3mica y de entretenimiento. Es un entorno seguro y caminable, conectado con galer\u00edas, tiendas de lujo y centros comerciales.<\/p>\t\t\t\t\t\t\t\t<\/div>\n\t\t\t\t<div class=\"elementor-element elementor-element-b4f691a elementor-widget__width-initial elementor-arrows-position-inside elementor-widget elementor-widget-image-carousel\" data-id=\"b4f691a\" data-element_type=\"widget\" data-settings=\"{&quot;slides_to_show&quot;:&quot;3&quot;,&quot;navigation&quot;:&quot;arrows&quot;,&quot;lazyload&quot;:&quot;yes&quot;,&quot;image_spacing_custom&quot;:{&quot;unit&quot;:&quot;px&quot;,&quot;size&quot;:5,&quot;sizes&quot;:[]},&quot;autoplay&quot;:&quot;yes&quot;,&quot;pause_on_hover&quot;:&quot;yes&quot;,&quot;pause_on_interaction&quot;:&quot;yes&quot;,&quot;autoplay_speed&quot;:5000,&quot;infinite&quot;:&quot;yes&quot;,&quot;speed&quot;:500,&quot;image_spacing_custom_tablet&quot;:{&quot;unit&quot;:&quot;px&quot;,&quot;size&quot;:&quot;&quot;,&quot;sizes&quot;:[]},&quot;image_spacing_custom_mobile&quot;:{&quot;unit&quot;:&quot;px&quot;,&quot;size&quot;:&quot;&quot;,&quot;sizes&quot;:[]}}\" data-widget_type=\"image-carousel.default\">\n\t\t\t\t\t\t\t<div class=\"elementor-image-carousel-wrapper swiper\" role=\"region\" aria-roledescription=\"carousel\" aria-label=\"Carrusel de im\u00e1genes\" dir=\"ltr\">\n\t\t\t<div class=\"elementor-image-carousel swiper-wrapper\" aria-live=\"off\">\n\t\t\t\t\t\t\t\t<div class=\"swiper-slide\" role=\"group\" aria-roledescription=\"slide\" aria-label=\"1 de 11\"><figure class=\"swiper-slide-inner\"><img class=\"swiper-slide-image swiper-lazy\" data-src=\"https:\/\/desarrollosvertical.com\/wp-content\/uploads\/elementor\/thumbs\/8-rey5kw3wjoaw2h5zlovg7tuvgq7gqdowgod7n0jqfc.jpg\" alt=\"8\" \/><div class=\"swiper-lazy-preloader\"><\/div><\/figure><\/div><div class=\"swiper-slide\" role=\"group\" aria-roledescription=\"slide\" aria-label=\"2 de 11\"><figure class=\"swiper-slide-inner\"><img class=\"swiper-slide-image swiper-lazy\" data-src=\"https:\/\/desarrollosvertical.com\/wp-content\/uploads\/elementor\/thumbs\/3-3-rgaxsb2p3ge4jdml9cyucmcciq1dzg9pjj3yeak51k.jpg\" alt=\"3\" \/><div class=\"swiper-lazy-preloader\"><\/div><\/figure><\/div><div class=\"swiper-slide\" role=\"group\" aria-roledescription=\"slide\" aria-label=\"3 de 11\"><figure class=\"swiper-slide-inner\"><img class=\"swiper-slide-image swiper-lazy\" data-src=\"https:\/\/desarrollosvertical.com\/wp-content\/uploads\/elementor\/thumbs\/9-rg8wi79jst0vmdmfy0vpbc5c9cxcl967i4aneu3seg.jpg\" alt=\"\" \/><div class=\"swiper-lazy-preloader\"><\/div><\/figure><\/div><div class=\"swiper-slide\" role=\"group\" aria-roledescription=\"slide\" aria-label=\"4 de 11\"><figure class=\"swiper-slide-inner\"><img class=\"swiper-slide-image swiper-lazy\" data-src=\"https:\/\/desarrollosvertical.com\/wp-content\/uploads\/elementor\/thumbs\/152foto-rgjjrj0i7siv548j8zt44moqyvnsm1lnsjlfeoo6tk.jpg\" alt=\"152foto\" \/><div class=\"swiper-lazy-preloader\"><\/div><\/figure><\/div><div class=\"swiper-slide\" role=\"group\" aria-roledescription=\"slide\" aria-label=\"5 de 11\"><figure class=\"swiper-slide-inner\"><img class=\"swiper-slide-image swiper-lazy\" data-src=\"https:\/\/desarrollosvertical.com\/wp-content\/uploads\/elementor\/thumbs\/152OFICINA-rgjjm79fhl8dcnz2cox7zz2ps9wwzsgf26idi8ki2w.jpg\" alt=\"152OFICINA\" \/><div class=\"swiper-lazy-preloader\"><\/div><\/figure><\/div><div class=\"swiper-slide\" role=\"group\" aria-roledescription=\"slide\" aria-label=\"6 de 11\"><figure class=\"swiper-slide-inner\"><img class=\"swiper-slide-image swiper-lazy\" data-src=\"https:\/\/desarrollosvertical.com\/wp-content\/uploads\/elementor\/thumbs\/1-rey5kscjsc5qs1bg7n8xxut136pzvl9z45r9pwpb48.jpg\" alt=\"1\" \/><div class=\"swiper-lazy-preloader\"><\/div><\/figure><\/div><div class=\"swiper-slide\" role=\"group\" aria-roledescription=\"slide\" aria-label=\"7 de 11\"><figure class=\"swiper-slide-inner\"><img class=\"swiper-slide-image swiper-lazy\" data-src=\"https:\/\/desarrollosvertical.com\/wp-content\/uploads\/elementor\/thumbs\/2-5-rgaxsb2p3ge4jdml9cyucmcciq1dzg9pjj3yeak51k.jpg\" alt=\"2\" \/><div class=\"swiper-lazy-preloader\"><\/div><\/figure><\/div><div class=\"swiper-slide\" role=\"group\" aria-roledescription=\"slide\" aria-label=\"8 de 11\"><figure class=\"swiper-slide-inner\"><img class=\"swiper-slide-image swiper-lazy\" data-src=\"https:\/\/desarrollosvertical.com\/wp-content\/uploads\/elementor\/thumbs\/8-rg8wi9586h3g9ljpn1oygbo9g4o30ndo6dlmde1020.jpg\" alt=\"8\" \/><div class=\"swiper-lazy-preloader\"><\/div><\/figure><\/div><div class=\"swiper-slide\" role=\"group\" aria-roledescription=\"slide\" aria-label=\"9 de 11\"><figure class=\"swiper-slide-inner\"><img class=\"swiper-slide-image swiper-lazy\" data-src=\"https:\/\/desarrollosvertical.com\/wp-content\/uploads\/elementor\/thumbs\/4-3-rgaxscydh4gp6ljuyds3hlv9phs4euh67sexcuhcp4.jpg\" alt=\"4\" \/><div class=\"swiper-lazy-preloader\"><\/div><\/figure><\/div><div class=\"swiper-slide\" role=\"group\" aria-roledescription=\"slide\" aria-label=\"10 de 11\"><figure class=\"swiper-slide-inner\"><img class=\"swiper-slide-image swiper-lazy\" data-src=\"https:\/\/desarrollosvertical.com\/wp-content\/uploads\/elementor\/thumbs\/6-rg8wi5dvf4yaz5p6902g6cmf2l6m5uyqtuzoga6kqw.jpg\" alt=\"6\" \/><div class=\"swiper-lazy-preloader\"><\/div><\/figure><\/div><div class=\"swiper-slide\" role=\"group\" aria-roledescription=\"slide\" aria-label=\"11 de 11\"><figure class=\"swiper-slide-inner\"><img class=\"swiper-slide-image swiper-lazy\" data-src=\"https:\/\/desarrollosvertical.com\/wp-content\/uploads\/elementor\/thumbs\/10-rg8wi79jst0vmdmfy0vpbc5c9cxcl967i4aneu3seg.jpg\" alt=\"10\" \/><div class=\"swiper-lazy-preloader\"><\/div><\/figure><\/div>\t\t\t<\/div>\n\t\t\t\t\t\t\t\t\t\t\t\t<div class=\"elementor-swiper-button elementor-swiper-button-prev\" role=\"button\" tabindex=\"0\">\n\t\t\t\t\t\t<svg aria-hidden=\"true\" class=\"e-font-icon-svg e-eicon-chevron-left\" viewBox=\"0 0 1000 1000\" xmlns=\"http:\/\/www.w3.org\/2000\/svg\"><path d=\"M646 125C629 125 613 133 604 142L308 442C296 454 292 471 292 487 292 504 296 521 308 533L604 854C617 867 629 875 646 875 663 875 679 871 692 858 704 846 713 829 713 812 713 796 708 779 692 767L438 487 692 225C700 217 708 204 708 187 708 171 704 154 692 142 675 129 663 125 646 125Z\"><\/path><\/svg>\t\t\t\t\t<\/div>\n\t\t\t\t\t<div class=\"elementor-swiper-button elementor-swiper-button-next\" role=\"button\" tabindex=\"0\">\n\t\t\t\t\t\t<svg aria-hidden=\"true\" class=\"e-font-icon-svg e-eicon-chevron-right\" viewBox=\"0 0 1000 1000\" xmlns=\"http:\/\/www.w3.org\/2000\/svg\"><path d=\"M696 533C708 521 713 504 713 487 713 471 708 454 696 446L400 146C388 133 375 125 354 125 338 125 325 129 313 142 300 154 292 171 292 187 292 204 296 221 308 233L563 492 304 771C292 783 288 800 288 817 288 833 296 850 308 863 321 871 338 875 354 875 371 875 388 867 400 854L696 533Z\"><\/path><\/svg>\t\t\t\t\t<\/div>\n\t\t\t\t\n\t\t\t\t\t\t\t\t\t<\/div>\n\t\t\t\t\t\t<\/div>\n\t\t\t\t\t<\/div>\n\t\t\t\t<\/div>\n\t\t<div class=\"elementor-element elementor-element-1a252c2 e-flex e-con-boxed e-con e-parent\" data-id=\"1a252c2\" data-element_type=\"container\" data-settings=\"{&quot;background_background&quot;:&quot;classic&quot;}\">\n\t\t\t\t\t<div class=\"e-con-inner\">\n\t\t\t\t<div class=\"elementor-element elementor-element-c0cca67 elementor-widget__width-initial elementor-widget elementor-widget-heading\" data-id=\"c0cca67\" data-element_type=\"widget\" data-widget_type=\"heading.default\">\n\t\t\t\t\t<h1 class=\"elementor-heading-title elementor-size-default\">Ubicaci\u00f3n privilegiada<\/h1>\t\t\t\t<\/div>\n\t\t\t\t<div class=\"elementor-element elementor-element-71c63b5 elementor-widget__width-initial elementor-widget elementor-widget-text-editor\" data-id=\"71c63b5\" data-element_type=\"widget\" data-widget_type=\"text-editor.default\">\n\t\t\t\t\t\t\t\t\t<p>V-152, est\u00e1 ubicado en la Calle New York, entre la Calle Paris y la Calle Madrid.\u00a0<\/p>\t\t\t\t\t\t\t\t<\/div>\n\t\t\t\t<div class=\"elementor-element elementor-element-8d17007 elementor-widget__width-initial elementor-widget elementor-widget-google_maps\" data-id=\"8d17007\" data-element_type=\"widget\" data-widget_type=\"google_maps.default\">\n\t\t\t\t\t\t\t<div class=\"elementor-custom-embed\">\n\t\t\t<iframe loading=\"lazy\"\n\t\t\t\t\tsrc=\"https:\/\/maps.google.com\/maps?q=Calle%20new%20york%2C%20caracas%201060%2C%20miranda%2C%20las%20mercedes&#038;t=m&#038;z=10&#038;output=embed&#038;iwloc=near\"\n\t\t\t\t\ttitle=\"Calle new york, caracas 1060, miranda, las mercedes\"\n\t\t\t\t\taria-label=\"Calle new york, caracas 1060, miranda, las mercedes\"\n\t\t\t><\/iframe>\n\t\t<\/div>\n\t\t\t\t\t\t<\/div>\n\t\t\t\t\t<\/div>\n\t\t\t\t<\/div>\n\t\t<div class=\"elementor-element elementor-element-166491d1 e-flex e-con-boxed e-con e-parent\" data-id=\"166491d1\" data-element_type=\"container\" data-settings=\"{&quot;background_background&quot;:&quot;slideshow&quot;,&quot;background_motion_fx_translateY_effect&quot;:&quot;yes&quot;,&quot;background_motion_fx_translateY_speed&quot;:{&quot;unit&quot;:&quot;px&quot;,&quot;size&quot;:3.1,&quot;sizes&quot;:[]},&quot;background_slideshow_gallery&quot;:[{&quot;id&quot;:1226,&quot;url&quot;:&quot;https:\\\/\\\/desarrollosvertical.com\\\/wp-content\\\/uploads\\\/2025\\\/12\\\/FachadA_Obra_web2.jpg&quot;}],&quot;background_slideshow_transition_duration&quot;:400,&quot;background_slideshow_ken_burns&quot;:&quot;yes&quot;,&quot;background_slideshow_loop&quot;:&quot;yes&quot;,&quot;background_slideshow_slide_duration&quot;:5000,&quot;background_slideshow_slide_transition&quot;:&quot;fade&quot;,&quot;background_slideshow_ken_burns_zoom_direction&quot;:&quot;in&quot;,&quot;background_motion_fx_translateY_affectedRange&quot;:{&quot;unit&quot;:&quot;%&quot;,&quot;size&quot;:&quot;&quot;,&quot;sizes&quot;:{&quot;start&quot;:0,&quot;end&quot;:100}},&quot;background_motion_fx_devices&quot;:[&quot;desktop&quot;,&quot;tablet&quot;,&quot;mobile&quot;]}\">\n\t\t\t\t\t<div class=\"e-con-inner\">\n\t\t\t\t<div class=\"elementor-element elementor-element-54d8c762 elementor-widget__width-initial elementor-widget elementor-widget-image\" data-id=\"54d8c762\" data-element_type=\"widget\" data-widget_type=\"image.default\">\n\t\t\t\t\t\t\t\t\t\t\t\t\t\t\t<img fetchpriority=\"high\" decoding=\"async\" width=\"600\" height=\"192\" src=\"https:\/\/desarrollosvertical.com\/wp-content\/uploads\/2025\/10\/Vertical-Edif.png\" class=\"attachment-large size-large wp-image-627\" alt=\"\" srcset=\"https:\/\/desarrollosvertical.com\/wp-content\/uploads\/2025\/10\/Vertical-Edif.png 600w, https:\/\/desarrollosvertical.com\/wp-content\/uploads\/2025\/10\/Vertical-Edif-300x96.png 300w\" sizes=\"(max-width: 600px) 100vw, 600px\" \/>\t\t\t\t\t\t\t\t\t\t\t\t\t\t\t<\/div>\n\t\t\t\t\t<\/div>\n\t\t\t\t<\/div>\n\t\t\t\t<\/div>\n\t\t","protected":false},"excerpt":{"rendered":"<p>Arquitectura de vanguardia, funcionalidad y buen gusto Vertical 152 es un s\u00edmbolo de exclusividad corporativa. Un edificio de lujo con acabados impecables y una ubicaci\u00f3n privilegiada, dise\u00f1ado para elevar el perfil de cualquier organizaci\u00f3n. Uso: Comercio y Oficinas Ubicaci\u00f3n: Calle New York, Urb. las Mercedes, Caracas. 16 oficinas desde 175m2 hasta 290m23 Locales Comerciales desde [&hellip;]<\/p>\n","protected":false},"author":1,"featured_media":0,"parent":0,"menu_order":0,"comment_status":"closed","ping_status":"closed","template":"elementor_theme","meta":{"_eb_attr":"","footnotes":""},"class_list":["post-38","page","type-page","status-publish","hentry"],"_links":{"self":[{"href":"https:\/\/desarrollosvertical.com\/index.php\/wp-json\/wp\/v2\/pages\/38","targetHints":{"allow":["GET"]}}],"collection":[{"href":"https:\/\/desarrollosvertical.com\/index.php\/wp-json\/wp\/v2\/pages"}],"about":[{"href":"https:\/\/desarrollosvertical.com\/index.php\/wp-json\/wp\/v2\/types\/page"}],"author":[{"embeddable":true,"href":"https:\/\/desarrollosvertical.com\/index.php\/wp-json\/wp\/v2\/users\/1"}],"replies":[{"embeddable":true,"href":"https:\/\/desarrollosvertical.com\/index.php\/wp-json\/wp\/v2\/comments?post=38"}],"version-history":[{"count":143,"href":"https:\/\/desarrollosvertical.com\/index.php\/wp-json\/wp\/v2\/pages\/38\/revisions"}],"predecessor-version":[{"id":1996,"href":"https:\/\/desarrollosvertical.com\/index.php\/wp-json\/wp\/v2\/pages\/38\/revisions\/1996"}],"wp:attachment":[{"href":"https:\/\/desarrollosvertical.com\/index.php\/wp-json\/wp\/v2\/media?parent=38"}],"curies":[{"name":"wp","href":"https:\/\/api.w.org\/{rel}","templated":true}]}}