{"id":36,"date":"2025-10-10T19:05:44","date_gmt":"2025-10-10T17:05:44","guid":{"rendered":"http:\/\/desarrollosvertical.com\/?page_id=36"},"modified":"2026-01-16T17:44:54","modified_gmt":"2026-01-16T15:44:54","slug":"v029","status":"publish","type":"page","link":"https:\/\/desarrollosvertical.com\/index.php\/v029\/","title":{"rendered":"V029"},"content":{"rendered":"\t\t<div data-elementor-type=\"wp-page\" data-elementor-id=\"36\" class=\"elementor elementor-36\" data-elementor-post-type=\"page\">\n\t\t\t\t<div class=\"elementor-element elementor-element-8dd7ad4 e-flex e-con-boxed e-con e-parent\" data-id=\"8dd7ad4\" data-element_type=\"container\" data-settings=\"{&quot;background_background&quot;:&quot;slideshow&quot;,&quot;background_motion_fx_translateY_effect&quot;:&quot;yes&quot;,&quot;background_motion_fx_translateY_speed&quot;:{&quot;unit&quot;:&quot;px&quot;,&quot;size&quot;:3.1,&quot;sizes&quot;:[]},&quot;background_slideshow_gallery&quot;:[{&quot;id&quot;:1746,&quot;url&quot;:&quot;https:\\\/\\\/desarrollosvertical.com\\\/wp-content\\\/uploads\\\/2025\\\/12\\\/2-6.jpg&quot;},{&quot;id&quot;:1747,&quot;url&quot;:&quot;https:\\\/\\\/desarrollosvertical.com\\\/wp-content\\\/uploads\\\/2025\\\/12\\\/3-4.jpg&quot;},{&quot;id&quot;:1748,&quot;url&quot;:&quot;https:\\\/\\\/desarrollosvertical.com\\\/wp-content\\\/uploads\\\/2025\\\/12\\\/5-4.jpg&quot;}],&quot;background_slideshow_transition_duration&quot;:400,&quot;background_slideshow_ken_burns&quot;:&quot;yes&quot;,&quot;background_slideshow_loop&quot;:&quot;yes&quot;,&quot;background_slideshow_slide_duration&quot;:5000,&quot;background_slideshow_slide_transition&quot;:&quot;fade&quot;,&quot;background_slideshow_ken_burns_zoom_direction&quot;:&quot;in&quot;,&quot;background_motion_fx_translateY_affectedRange&quot;:{&quot;unit&quot;:&quot;%&quot;,&quot;size&quot;:&quot;&quot;,&quot;sizes&quot;:{&quot;start&quot;:0,&quot;end&quot;:100}},&quot;background_motion_fx_devices&quot;:[&quot;desktop&quot;,&quot;tablet&quot;,&quot;mobile&quot;]}\">\n\t\t\t\t\t<div class=\"e-con-inner\">\n\t\t\t\t<div class=\"elementor-element elementor-element-dbc3940 elementor-widget__width-initial elementor-widget elementor-widget-heading\" data-id=\"dbc3940\" data-element_type=\"widget\" data-widget_type=\"heading.default\">\n\t\t\t\t\t<h1 class=\"elementor-heading-title elementor-size-default\">M\u00e1s que un hogar, una declaraci\u00f3n de estilo<\/h1>\t\t\t\t<\/div>\n\t\t\t\t\t<\/div>\n\t\t\t\t<\/div>\n\t\t<div class=\"elementor-element elementor-element-51e4b222 elementor-hidden-tablet elementor-hidden-mobile e-flex e-con-boxed e-con e-parent\" data-id=\"51e4b222\" data-element_type=\"container\" data-settings=\"{&quot;background_background&quot;:&quot;classic&quot;}\">\n\t\t\t\t\t<div class=\"e-con-inner\">\n\t\t<div class=\"elementor-element elementor-element-409acc5b e-con-full e-flex e-con e-child\" data-id=\"409acc5b\" data-element_type=\"container\">\n\t\t\t\t<div class=\"elementor-element elementor-element-827b89f elementor-widget__width-initial elementor-widget elementor-widget-image\" data-id=\"827b89f\" data-element_type=\"widget\" data-widget_type=\"image.default\">\n\t\t\t\t\t\t\t\t\t\t\t\t\t\t\t<img fetchpriority=\"high\" decoding=\"async\" width=\"800\" height=\"202\" src=\"https:\/\/desarrollosvertical.com\/wp-content\/uploads\/2025\/10\/v029.png\" class=\"attachment-large size-large wp-image-563\" alt=\"\" srcset=\"https:\/\/desarrollosvertical.com\/wp-content\/uploads\/2025\/10\/v029.png 1000w, https:\/\/desarrollosvertical.com\/wp-content\/uploads\/2025\/10\/v029-300x76.png 300w, https:\/\/desarrollosvertical.com\/wp-content\/uploads\/2025\/10\/v029-768x194.png 768w\" sizes=\"(max-width: 800px) 100vw, 800px\" \/>\t\t\t\t\t\t\t\t\t\t\t\t\t\t\t<\/div>\n\t\t\t\t<div class=\"elementor-element elementor-element-43fb63d8 elementor-widget__width-initial elementor-widget elementor-widget-text-editor\" data-id=\"43fb63d8\" data-element_type=\"widget\" data-widget_type=\"text-editor.default\">\n\t\t\t\t\t\t\t\t\t<p>Este edificio se convierte en un referente de arquitectura funcional y dise\u00f1o contempor\u00e1neo. Su sello es inconfundible: grandes ventanales, salas a doble altura y la fuerza del concreto en obra limpia. Estos rasgos se unen a materiales de primera para crear en Vertical 029 una arquitectura de vanguardia, funcional y de buen gusto.<\/p>\t\t\t\t\t\t\t\t<\/div>\n\t\t\t\t<div class=\"elementor-element elementor-element-1c4a5eb9 elementor-align-center elementor-widget elementor-widget-button\" data-id=\"1c4a5eb9\" data-element_type=\"widget\" data-widget_type=\"button.default\">\n\t\t\t\t\t\t\t\t\t\t<a class=\"elementor-button elementor-button-link elementor-size-sm elementor-animation-shrink\" href=\"https:\/\/desarrollosvertical.com\/wp-content\/uploads\/2025\/12\/BrochureV029-ventaFINAL-16AGOSTO21.pdf\">\n\t\t\t\t\t\t<span class=\"elementor-button-content-wrapper\">\n\t\t\t\t\t\t\t\t\t<span class=\"elementor-button-text\">Descargar brochure<\/span>\n\t\t\t\t\t<\/span>\n\t\t\t\t\t<\/a>\n\t\t\t\t\t\t\t\t<\/div>\n\t\t\t\t<div class=\"elementor-element elementor-element-de07f2a elementor-widget__width-initial elementor-widget elementor-widget-text-editor\" data-id=\"de07f2a\" data-element_type=\"widget\" data-widget_type=\"text-editor.default\">\n\t\t\t\t\t\t\t\t\t<p><strong>Uso:<\/strong> Edificio Residencial<br \/><strong>Ubicaci\u00f3n:<\/strong> Entre 3ra y 4ta Av. Urb Altamira, Caracas.<\/p><h6>12 Apartamentos desde 400m2 hasta 600m2.<\/h6><p>15.050 m2 de construcci\u00f3n <br \/>5.900 m2 vendibles <br \/>Construcci\u00f3n del 2016 al 2024<\/p>\t\t\t\t\t\t\t\t<\/div>\n\t\t\t\t<\/div>\n\t\t\t\t\t<\/div>\n\t\t\t\t<\/div>\n\t\t<div class=\"elementor-element elementor-element-4b31535 elementor-hidden-desktop e-flex e-con-boxed e-con e-parent\" data-id=\"4b31535\" data-element_type=\"container\" data-settings=\"{&quot;background_background&quot;:&quot;classic&quot;}\">\n\t\t\t\t\t<div class=\"e-con-inner\">\n\t\t<div class=\"elementor-element elementor-element-6e6f870 e-con-full e-flex e-con e-child\" data-id=\"6e6f870\" data-element_type=\"container\">\n\t\t\t\t<div class=\"elementor-element elementor-element-83ad774 elementor-widget__width-initial elementor-widget elementor-widget-image\" data-id=\"83ad774\" data-element_type=\"widget\" data-widget_type=\"image.default\">\n\t\t\t\t\t\t\t\t\t\t\t\t\t\t\t<img fetchpriority=\"high\" decoding=\"async\" width=\"800\" height=\"202\" src=\"https:\/\/desarrollosvertical.com\/wp-content\/uploads\/2025\/10\/v029.png\" class=\"attachment-large size-large wp-image-563\" alt=\"\" srcset=\"https:\/\/desarrollosvertical.com\/wp-content\/uploads\/2025\/10\/v029.png 1000w, https:\/\/desarrollosvertical.com\/wp-content\/uploads\/2025\/10\/v029-300x76.png 300w, https:\/\/desarrollosvertical.com\/wp-content\/uploads\/2025\/10\/v029-768x194.png 768w\" sizes=\"(max-width: 800px) 100vw, 800px\" \/>\t\t\t\t\t\t\t\t\t\t\t\t\t\t\t<\/div>\n\t\t\t\t<div class=\"elementor-element elementor-element-ee7a280 elementor-widget__width-initial elementor-widget elementor-widget-text-editor\" data-id=\"ee7a280\" data-element_type=\"widget\" data-widget_type=\"text-editor.default\">\n\t\t\t\t\t\t\t\t\t<p>Este edificio se convierte en un referente de arquitectura funcional y dise\u00f1o contempor\u00e1neo. Su sello es inconfundible: grandes ventanales, salas a doble altura y la fuerza del concreto en obra limpia. Estos rasgos se unen a materiales de primera para crear en Vertical 029 una arquitectura de vanguardia, funcional y de buen gusto.<\/p>\t\t\t\t\t\t\t\t<\/div>\n\t\t\t\t<div class=\"elementor-element elementor-element-e51dd51 elementor-align-center elementor-widget elementor-widget-button\" data-id=\"e51dd51\" data-element_type=\"widget\" data-widget_type=\"button.default\">\n\t\t\t\t\t\t\t\t\t\t<a class=\"elementor-button elementor-button-link elementor-size-sm elementor-animation-shrink\" href=\"https:\/\/desarrollosvertical.com\/wp-content\/uploads\/2025\/12\/BrochureV029-ventaFINAL-16AGOSTO21.pdf\">\n\t\t\t\t\t\t<span class=\"elementor-button-content-wrapper\">\n\t\t\t\t\t\t\t\t\t<span class=\"elementor-button-text\">Descargar brochure<\/span>\n\t\t\t\t\t<\/span>\n\t\t\t\t\t<\/a>\n\t\t\t\t\t\t\t\t<\/div>\n\t\t\t\t<div class=\"elementor-element elementor-element-99ce772 elementor-widget__width-initial elementor-widget elementor-widget-text-editor\" data-id=\"99ce772\" data-element_type=\"widget\" data-widget_type=\"text-editor.default\">\n\t\t\t\t\t\t\t\t\t<p><strong>Uso:<\/strong> Edificio Residencial<br \/><strong>Ubicaci\u00f3n:<\/strong> Entre 3ra y 4ta Av. Urb Altamira, Caracas.<\/p><h6>12 Apartamentos desde 400m2 hasta 600m2.<\/h6><p>15.050 m2 de construcci\u00f3n <br \/>5.900 m2 vendibles <br \/>Construcci\u00f3n del 2016 al 2024<\/p>\t\t\t\t\t\t\t\t<\/div>\n\t\t\t\t<\/div>\n\t\t\t\t\t<\/div>\n\t\t\t\t<\/div>\n\t\t<div class=\"elementor-element elementor-element-1668c40c e-flex e-con-boxed e-con e-parent\" data-id=\"1668c40c\" data-element_type=\"container\" data-settings=\"{&quot;background_background&quot;:&quot;classic&quot;}\">\n\t\t\t\t\t<div class=\"e-con-inner\">\n\t\t<div class=\"elementor-element elementor-element-7b2140b1 e-con-full e-flex e-con e-child\" data-id=\"7b2140b1\" data-element_type=\"container\">\n\t\t\t\t<div class=\"elementor-element elementor-element-577a544e elementor-widget__width-initial elementor-widget elementor-widget-heading\" data-id=\"577a544e\" data-element_type=\"widget\" data-widget_type=\"heading.default\">\n\t\t\t\t\t<h1 class=\"elementor-heading-title elementor-size-default\">Arquitectura\nDiferenciadora con amplios espacios<\/h1>\t\t\t\t<\/div>\n\t\t\t\t<\/div>\n\t\t<div class=\"elementor-element elementor-element-4cbfd779 e-con-full e-flex e-con e-child\" data-id=\"4cbfd779\" data-element_type=\"container\" data-settings=\"{&quot;background_background&quot;:&quot;classic&quot;}\">\n\t\t\t\t<\/div>\n\t\t\t\t\t<\/div>\n\t\t\t\t<\/div>\n\t\t<div class=\"elementor-element elementor-element-2d965f79 e-flex e-con-boxed e-con e-parent\" data-id=\"2d965f79\" data-element_type=\"container\" data-settings=\"{&quot;background_background&quot;:&quot;classic&quot;}\">\n\t\t\t\t\t<div class=\"e-con-inner\">\n\t\t\t\t\t<\/div>\n\t\t\t\t<\/div>\n\t\t<div class=\"elementor-element elementor-element-19bb53ac elementor-hidden-tablet elementor-hidden-mobile e-flex e-con-boxed e-con e-parent\" data-id=\"19bb53ac\" data-element_type=\"container\" data-settings=\"{&quot;background_background&quot;:&quot;classic&quot;}\">\n\t\t\t\t\t<div class=\"e-con-inner\">\n\t\t<div class=\"elementor-element elementor-element-3b59d6f6 e-con-full e-flex e-con e-child\" data-id=\"3b59d6f6\" data-element_type=\"container\">\n\t\t\t\t<div class=\"elementor-element elementor-element-5f271040 elementor-widget__width-initial elementor-widget elementor-widget-image\" data-id=\"5f271040\" data-element_type=\"widget\" data-widget_type=\"image.default\">\n\t\t\t\t\t\t\t\t\t\t\t\t\t\t\t<img decoding=\"async\" width=\"576\" height=\"1024\" src=\"https:\/\/desarrollosvertical.com\/wp-content\/uploads\/2025\/10\/10-576x1024.jpg\" class=\"attachment-large size-large wp-image-577\" alt=\"\" srcset=\"https:\/\/desarrollosvertical.com\/wp-content\/uploads\/2025\/10\/10-576x1024.jpg 576w, https:\/\/desarrollosvertical.com\/wp-content\/uploads\/2025\/10\/10-169x300.jpg 169w, https:\/\/desarrollosvertical.com\/wp-content\/uploads\/2025\/10\/10-768x1364.jpg 768w, https:\/\/desarrollosvertical.com\/wp-content\/uploads\/2025\/10\/10.jpg 800w\" sizes=\"(max-width: 576px) 100vw, 576px\" \/>\t\t\t\t\t\t\t\t\t\t\t\t\t\t\t<\/div>\n\t\t\t\t<div class=\"elementor-element elementor-element-12965029 elementor-widget__width-initial elementor-widget elementor-widget-video\" data-id=\"12965029\" data-element_type=\"widget\" data-settings=\"{&quot;video_type&quot;:&quot;hosted&quot;,&quot;autoplay&quot;:&quot;yes&quot;,&quot;play_on_mobile&quot;:&quot;yes&quot;,&quot;mute&quot;:&quot;yes&quot;,&quot;controls&quot;:&quot;yes&quot;}\" data-widget_type=\"video.default\">\n\t\t\t\t\t\t\t<div class=\"e-hosted-video elementor-wrapper elementor-open-inline\">\n\t\t\t\t\t<video class=\"elementor-video\" src=\"https:\/\/desarrollosvertical.com\/wp-content\/uploads\/2025\/10\/Vertical-029-Musica-2.mp4\" autoplay=\"\" controls=\"\" muted=\"muted\" playsinline=\"\" controlsList=\"nodownload\"><\/video>\n\t\t\t\t<\/div>\n\t\t\t\t\t\t<\/div>\n\t\t\t\t<\/div>\n\t\t<div class=\"elementor-element elementor-element-15cc6d4f e-con-full e-flex e-con e-child\" data-id=\"15cc6d4f\" data-element_type=\"container\">\n\t\t\t\t<div class=\"elementor-element elementor-element-f854e3e elementor-widget__width-initial elementor-widget elementor-widget-heading\" data-id=\"f854e3e\" data-element_type=\"widget\" data-widget_type=\"heading.default\">\n\t\t\t\t\t<h1 class=\"elementor-heading-title elementor-size-default\">Detalles que construyen perfecci\u00f3n<\/h1>\t\t\t\t<\/div>\n\t\t\t\t<\/div>\n\t\t\t\t\t<\/div>\n\t\t\t\t<\/div>\n\t\t<div class=\"elementor-element elementor-element-d72269a elementor-hidden-desktop e-flex e-con-boxed e-con e-parent\" data-id=\"d72269a\" data-element_type=\"container\" data-settings=\"{&quot;background_background&quot;:&quot;classic&quot;}\">\n\t\t\t\t\t<div class=\"e-con-inner\">\n\t\t<div class=\"elementor-element elementor-element-f5beade e-con-full e-flex e-con e-child\" data-id=\"f5beade\" data-element_type=\"container\">\n\t\t\t\t<div class=\"elementor-element elementor-element-9850936 elementor-widget__width-initial elementor-widget elementor-widget-heading\" data-id=\"9850936\" data-element_type=\"widget\" data-widget_type=\"heading.default\">\n\t\t\t\t\t<h1 class=\"elementor-heading-title elementor-size-default\">Detalles que construyen perfecci\u00f3n<\/h1>\t\t\t\t<\/div>\n\t\t\t\t<div class=\"elementor-element elementor-element-2552056 elementor-widget__width-initial elementor-widget elementor-widget-video\" data-id=\"2552056\" data-element_type=\"widget\" data-settings=\"{&quot;video_type&quot;:&quot;hosted&quot;,&quot;autoplay&quot;:&quot;yes&quot;,&quot;play_on_mobile&quot;:&quot;yes&quot;,&quot;mute&quot;:&quot;yes&quot;,&quot;controls&quot;:&quot;yes&quot;}\" data-widget_type=\"video.default\">\n\t\t\t\t\t\t\t<div class=\"e-hosted-video elementor-wrapper elementor-open-inline\">\n\t\t\t\t\t<video class=\"elementor-video\" src=\"https:\/\/desarrollosvertical.com\/wp-content\/uploads\/2025\/10\/Vertical-029-Musica-2.mp4\" autoplay=\"\" controls=\"\" muted=\"muted\" playsinline=\"\" controlsList=\"nodownload\"><\/video>\n\t\t\t\t<\/div>\n\t\t\t\t\t\t<\/div>\n\t\t\t\t<\/div>\n\t\t<div class=\"elementor-element elementor-element-58c4a23 e-con-full e-flex e-con e-child\" data-id=\"58c4a23\" data-element_type=\"container\">\n\t\t\t\t<\/div>\n\t\t\t\t\t<\/div>\n\t\t\t\t<\/div>\n\t\t<div class=\"elementor-element elementor-element-1dd2dcf7 e-flex e-con-boxed e-con e-parent\" data-id=\"1dd2dcf7\" data-element_type=\"container\" data-settings=\"{&quot;background_background&quot;:&quot;classic&quot;}\">\n\t\t\t\t\t<div class=\"e-con-inner\">\n\t\t\t\t<div class=\"elementor-element elementor-element-1b70a98 elementor-widget__width-initial elementor-widget elementor-widget-heading\" data-id=\"1b70a98\" data-element_type=\"widget\" data-widget_type=\"heading.default\">\n\t\t\t\t\t<h1 class=\"elementor-heading-title elementor-size-default\">Ubicaci\u00f3n privilegiada<\/h1>\t\t\t\t<\/div>\n\t\t\t\t<div class=\"elementor-element elementor-element-37b8b20d elementor-widget__width-initial elementor-widget elementor-widget-text-editor\" data-id=\"37b8b20d\" data-element_type=\"widget\" data-widget_type=\"text-editor.default\">\n\t\t\t\t\t\t\t\t\t<p>Las residencias se encuentran localizadas en la 3ra Avenida, entre 10ma y 9na transversal, de la Urbanizaci\u00f3n Altamira.\u00a0<\/p>\t\t\t\t\t\t\t\t<\/div>\n\t\t\t\t<div class=\"elementor-element elementor-element-577043dc elementor-widget__width-initial elementor-widget elementor-widget-google_maps\" data-id=\"577043dc\" data-element_type=\"widget\" data-widget_type=\"google_maps.default\">\n\t\t\t\t\t\t\t<div class=\"elementor-custom-embed\">\n\t\t\t<iframe loading=\"lazy\"\n\t\t\t\t\tsrc=\"https:\/\/maps.google.com\/maps?q=G46W%2BCJ5%2C%20Avenida%203%2C%20Caracas%201060%2C%20Miranda%2C%20Venezuela&#038;t=m&#038;z=10&#038;output=embed&#038;iwloc=near\"\n\t\t\t\t\ttitle=\"G46W+CJ5, Avenida 3, Caracas 1060, Miranda, Venezuela\"\n\t\t\t\t\taria-label=\"G46W+CJ5, Avenida 3, Caracas 1060, Miranda, Venezuela\"\n\t\t\t><\/iframe>\n\t\t<\/div>\n\t\t\t\t\t\t<\/div>\n\t\t\t\t\t<\/div>\n\t\t\t\t<\/div>\n\t\t<div class=\"elementor-element elementor-element-10ef6765 e-flex e-con-boxed e-con e-parent\" data-id=\"10ef6765\" data-element_type=\"container\" data-settings=\"{&quot;background_background&quot;:&quot;slideshow&quot;,&quot;background_motion_fx_translateY_effect&quot;:&quot;yes&quot;,&quot;background_motion_fx_translateY_speed&quot;:{&quot;unit&quot;:&quot;px&quot;,&quot;size&quot;:3.1,&quot;sizes&quot;:[]},&quot;background_slideshow_gallery&quot;:[{&quot;id&quot;:592,&quot;url&quot;:&quot;https:\\\/\\\/desarrollosvertical.com\\\/wp-content\\\/uploads\\\/2025\\\/10\\\/2.jpg&quot;},{&quot;id&quot;:593,&quot;url&quot;:&quot;https:\\\/\\\/desarrollosvertical.com\\\/wp-content\\\/uploads\\\/2025\\\/10\\\/3.jpg&quot;},{&quot;id&quot;:594,&quot;url&quot;:&quot;https:\\\/\\\/desarrollosvertical.com\\\/wp-content\\\/uploads\\\/2025\\\/10\\\/5.jpg&quot;},{&quot;id&quot;:1886,&quot;url&quot;:&quot;https:\\\/\\\/desarrollosvertical.com\\\/wp-content\\\/uploads\\\/2025\\\/12\\\/banner029-1.jpg&quot;},{&quot;id&quot;:1887,&quot;url&quot;:&quot;https:\\\/\\\/desarrollosvertical.com\\\/wp-content\\\/uploads\\\/2025\\\/12\\\/banner-0292-1.jpg&quot;}],&quot;background_slideshow_transition_duration&quot;:400,&quot;background_slideshow_ken_burns&quot;:&quot;yes&quot;,&quot;background_slideshow_loop&quot;:&quot;yes&quot;,&quot;background_slideshow_slide_duration&quot;:5000,&quot;background_slideshow_slide_transition&quot;:&quot;fade&quot;,&quot;background_slideshow_ken_burns_zoom_direction&quot;:&quot;in&quot;,&quot;background_motion_fx_translateY_affectedRange&quot;:{&quot;unit&quot;:&quot;%&quot;,&quot;size&quot;:&quot;&quot;,&quot;sizes&quot;:{&quot;start&quot;:0,&quot;end&quot;:100}},&quot;background_motion_fx_devices&quot;:[&quot;desktop&quot;,&quot;tablet&quot;,&quot;mobile&quot;]}\">\n\t\t\t\t\t<div class=\"e-con-inner\">\n\t\t\t\t<div class=\"elementor-element elementor-element-58a7f55d elementor-widget__width-initial elementor-widget elementor-widget-image\" data-id=\"58a7f55d\" data-element_type=\"widget\" data-widget_type=\"image.default\">\n\t\t\t\t\t\t\t\t\t\t\t\t\t\t\t<img fetchpriority=\"high\" decoding=\"async\" width=\"800\" height=\"202\" src=\"https:\/\/desarrollosvertical.com\/wp-content\/uploads\/2025\/10\/v029.png\" class=\"attachment-large size-large wp-image-563\" alt=\"\" srcset=\"https:\/\/desarrollosvertical.com\/wp-content\/uploads\/2025\/10\/v029.png 1000w, https:\/\/desarrollosvertical.com\/wp-content\/uploads\/2025\/10\/v029-300x76.png 300w, https:\/\/desarrollosvertical.com\/wp-content\/uploads\/2025\/10\/v029-768x194.png 768w\" sizes=\"(max-width: 800px) 100vw, 800px\" \/>\t\t\t\t\t\t\t\t\t\t\t\t\t\t\t<\/div>\n\t\t\t\t\t<\/div>\n\t\t\t\t<\/div>\n\t\t\t\t<\/div>\n\t\t","protected":false},"excerpt":{"rendered":"<p>M\u00e1s que un hogar, una declaraci\u00f3n de estilo Este edificio se convierte en un referente de arquitectura funcional y dise\u00f1o contempor\u00e1neo. Su sello es inconfundible: grandes ventanales, salas a doble altura y la fuerza del concreto en obra limpia. Estos rasgos se unen a materiales de primera para crear en Vertical 029 una arquitectura de [&hellip;]<\/p>\n","protected":false},"author":1,"featured_media":0,"parent":0,"menu_order":0,"comment_status":"closed","ping_status":"closed","template":"elementor_theme","meta":{"_eb_attr":"","footnotes":""},"class_list":["post-36","page","type-page","status-publish","hentry"],"_links":{"self":[{"href":"https:\/\/desarrollosvertical.com\/index.php\/wp-json\/wp\/v2\/pages\/36","targetHints":{"allow":["GET"]}}],"collection":[{"href":"https:\/\/desarrollosvertical.com\/index.php\/wp-json\/wp\/v2\/pages"}],"about":[{"href":"https:\/\/desarrollosvertical.com\/index.php\/wp-json\/wp\/v2\/types\/page"}],"author":[{"embeddable":true,"href":"https:\/\/desarrollosvertical.com\/index.php\/wp-json\/wp\/v2\/users\/1"}],"replies":[{"embeddable":true,"href":"https:\/\/desarrollosvertical.com\/index.php\/wp-json\/wp\/v2\/comments?post=36"}],"version-history":[{"count":122,"href":"https:\/\/desarrollosvertical.com\/index.php\/wp-json\/wp\/v2\/pages\/36\/revisions"}],"predecessor-version":[{"id":1989,"href":"https:\/\/desarrollosvertical.com\/index.php\/wp-json\/wp\/v2\/pages\/36\/revisions\/1989"}],"wp:attachment":[{"href":"https:\/\/desarrollosvertical.com\/index.php\/wp-json\/wp\/v2\/media?parent=36"}],"curies":[{"name":"wp","href":"https:\/\/api.w.org\/{rel}","templated":true}]}}